{"id":3967,"date":"2017-09-28T09:03:14","date_gmt":"2017-09-28T06:03:14","guid":{"rendered":"https:\/\/www.arelhukuk.com\/our-lawyers\/"},"modified":"2025-12-03T23:43:41","modified_gmt":"2025-12-03T20:43:41","slug":"our-lawyers","status":"publish","type":"page","link":"https:\/\/www.arelhukuk.com\/en\/our-lawyers\/","title":{"rendered":"Our lawyers"},"content":{"rendered":"<p>[vc_row css=&#8221;.vc_custom_1617009772392{margin-bottom: 30px !important;}&#8221;][vc_column][vc_single_image image=&#8221;3526&#8243; img_size=&#8221;800&#215;534&#8243; alignment=&#8221;center&#8221; onclick=&#8221;link_image&#8221;][\/vc_column][\/vc_row][vc_row][vc_column]<div class=\"rt-team-grid-2\">\t\t\t\t\r\n\t<div class=\"row auto-clear\">\r\n\t\t\t\t\t\t\t\t\t\t\r\n\t\t<div class=\"col-lg-12 col-md-12 col-sm-12 col-xs-12\">\r\n\t\t\t<div class=\"rtin-single-team\">\r\n\t\t\t\t<div class=\"rtin-item-image pull-left\">\r\n\t\t\t\t\t<img loading=\"lazy\" decoding=\"async\" width=\"370\" height=\"475\" src=\"https:\/\/www.arelhukuk.com\/wp-content\/uploads\/2021\/03\/salihorhan2-370x475.jpg\" class=\"img-responsive wp-post-image\" alt=\"\" \/>\t\t\t\t\t<span class=\"rtin-plus-icon\"><a href=\"https:\/\/www.arelhukuk.com\/en\/ekip\/founding-attorney-mediator-salih-orhan\/\"><i class=\"fa fa-plus\" aria-hidden=\"true\"><\/i><\/a><\/span>\r\n\t\t\t\t<\/div>\r\n\t\t\t\t<div class=\"rtin-item-content media-body\">\r\n\t\t\t\t\t<h3><a href=\"https:\/\/www.arelhukuk.com\/en\/ekip\/founding-attorney-mediator-salih-orhan\/\">Founding Attorney &amp; Mediator Salih Orhan<\/a><\/h3>\t\t\t\t\t\t\t\t\r\n\t\t\t\t\t\t\t\t\t\t\t<span class=\"position\">Founding Attorney<\/span>\t\t\t\t\t\r\n\t\t\t\t\t                                \r\n\t\t\t\t\t<p>He was born in 1973 in Elmal\u0131, a district of Antalya. He completed his primary, secondary, and high school education in Elmal\u0131. He graduated from Marmara University Faculty of Law in 1998 and has been actively practicing as an independent attorney since then. He is the founder of Arel Law Office. He is married and has two children. He completed his master\u2019s degree in Private Law at \u00d6zye\u011fin University in 2014. He has specialized in Sports Law, Energy Law, Obligations Law, and Commercial Law. He holds the title of mediator, registered in the Mediation Registry with the number 20495.<\/p>\r\n\t\t\t\t\t\t\t\t\t\t<ul class=\"social-icons\">\r\n\t\t\t\t\t\t\t\t\t\t\t\t\t\t\t\t\t\t\t\t\t\t\t\t\t\t\t\t\t\t\t\t\t\t\t\t\t\t\t\t\t\t\t\t\t\t\t\t\t\t\t\t\t\t\t\t\t\t\t\t\t\t\t\t\t\t\t\t\t\t\t\t\t\t\t\t\t\t\t\t\t\t\t\t\t\t\t\t\t\t\t\t\t\t\t\t\t\t\t\t\t\t\t\t\t\t\t\t\t\t\t\t\t\t\t\t\t\t\t\t<\/ul>\r\n\t\t\t\t\t\t\t\t\t<\/div>\r\n\t\t\t<\/div>\r\n\t\t<\/div>\t\t\r\n\t\t\t\t\t\t\t\t\t\r\n\t\t<div class=\"col-lg-12 col-md-12 col-sm-12 col-xs-12\">\r\n\t\t\t<div class=\"rtin-single-team\">\r\n\t\t\t\t<div class=\"rtin-item-image pull-left\">\r\n\t\t\t\t\t<img loading=\"lazy\" decoding=\"async\" width=\"370\" height=\"475\" src=\"https:\/\/www.arelhukuk.com\/wp-content\/uploads\/2021\/11\/av.erman_.sarac_-370x475.jpg\" class=\"img-responsive wp-post-image\" alt=\"\" \/>\t\t\t\t\t<span class=\"rtin-plus-icon\"><a href=\"https:\/\/www.arelhukuk.com\/en\/ekip\/atty-erman-sarac\/\"><i class=\"fa fa-plus\" aria-hidden=\"true\"><\/i><\/a><\/span>\r\n\t\t\t\t<\/div>\r\n\t\t\t\t<div class=\"rtin-item-content media-body\">\r\n\t\t\t\t\t<h3><a href=\"https:\/\/www.arelhukuk.com\/en\/ekip\/atty-erman-sarac\/\">Atty Erman Sara\u00e7<\/a><\/h3>\t\t\t\t\t\t\t\t\r\n\t\t\t\t\t\t\t\t\t\t\t<span class=\"position\">Litigation Department Attorney<\/span>\t\t\t\t\t\r\n\t\t\t\t\t                                \r\n\t\t\t\t\t<p>He was born in 1988 in Kad\u0131k\u00f6y, a district of Istanbul. He completed his primary, secondary, and high school education in the district of Kad\u0131k\u00f6y. He graduated from Yeditepe University Faculty of Law in 2012 and has been actively practicing law since 2014. Throughout his professional career, he has worked with numerous international and national companies in the fields of litigation and dispute resolution. As of April 2024, he has joined Arel Law Office and continues his work in the Litigation Department.<\/p>\r\n\t\t\t\t\t\t\t\t\t\t<ul class=\"social-icons\">\r\n\t\t\t\t\t\t\t\t\t\t\t\t\t\t\t\t\t\t\t\t\t\t\t\t\t\t\t\t\t\t\t\t\t\t\t\t\t\t\t\t\t\t\t\t\t\t\t\t\t\t\t\t\t\t\t\t\t\t\t\t\t\t\t\t\t\t\t\t\t\t\t\t\t\t\t\t\t\t\t\t\t\t\t\t\t\t\t\t\t\t\t\t\t\t\t\t\t\t\t\t\t\t\t\t\t\t\t\t\t\t\t\t\t\t\t\t\t\t\t\t<\/ul>\r\n\t\t\t\t\t\t\t\t\t<\/div>\r\n\t\t\t<\/div>\r\n\t\t<\/div>\t\t\r\n\t\t\t\t\t\t\t\t\t\r\n\t\t<div class=\"col-lg-12 col-md-12 col-sm-12 col-xs-12\">\r\n\t\t\t<div class=\"rtin-single-team\">\r\n\t\t\t\t<div class=\"rtin-item-image pull-left\">\r\n\t\t\t\t\t<img loading=\"lazy\" decoding=\"async\" width=\"370\" height=\"475\" src=\"https:\/\/www.arelhukuk.com\/wp-content\/uploads\/2022\/10\/sametkose-370x475.jpg\" class=\"img-responsive wp-post-image\" alt=\"\" \/>\t\t\t\t\t<span class=\"rtin-plus-icon\"><a href=\"https:\/\/www.arelhukuk.com\/en\/ekip\/atty-abdulsamet-kose\/\"><i class=\"fa fa-plus\" aria-hidden=\"true\"><\/i><\/a><\/span>\r\n\t\t\t\t<\/div>\r\n\t\t\t\t<div class=\"rtin-item-content media-body\">\r\n\t\t\t\t\t<h3><a href=\"https:\/\/www.arelhukuk.com\/en\/ekip\/atty-abdulsamet-kose\/\">Atty Abdulsamet K\u00f6se<\/a><\/h3>\t\t\t\t\t\t\t\t\r\n\t\t\t\t\t\t\t\t\t\t\t<span class=\"position\">Lawyer<\/span>\t\t\t\t\t\r\n\t\t\t\t\t                                \r\n\t\t\t\t\t<p>Atty Abdulsamet K\u00d6SE completed his primary and secondary education in Kayseri. He graduated from the Faculty of Law at Trabzon University in 2022. During his university years, he actively participated in numerous trainings and seminars organized by the Trabzon Bar Association\u2019s internship commission, primarily focusing on Labor, Obligations, Real Estate, and Commercial Law. As of August, he began his legal internship and is serving in our office\u2019s litigation department. He continues to work mainly on disputes in the fields of Energy, Enforcement and Bankruptcy, Commercial, Real Estate, Labor, and Obligations Law.<\/p>\r\n\t\t\t\t\t\t\t\t\t\t<ul class=\"social-icons\">\r\n\t\t\t\t\t\t\t\t\t\t\t\t\t\t\t\t\t\t\t\t\t\t\t\t\t\t\t\t\t\t\t\t\t\t\t\t\t\t\t\t\t\t\t\t\t\t\t\t\t\t\t\t\t\t\t\t\t\t\t\t\t\t\t\t\t\t\t\t\t\t\t\t\t\t\t\t\t\t\t\t\t\t\t\t\t\t\t\t\t\t\t\t\t\t\t\t\t\t\t\t\t\t\t\t\t\t\t\t\t\t\t\t\t\t\t\t\t\t\t\t<\/ul>\r\n\t\t\t\t\t\t\t\t\t<\/div>\r\n\t\t\t<\/div>\r\n\t\t<\/div>\t\t\r\n\t\t\t\t\t\t\t\t\t\r\n\t\t<div class=\"col-lg-12 col-md-12 col-sm-12 col-xs-12\">\r\n\t\t\t<div class=\"rtin-single-team\">\r\n\t\t\t\t<div class=\"rtin-item-image pull-left\">\r\n\t\t\t\t\t<img loading=\"lazy\" decoding=\"async\" width=\"370\" height=\"475\" src=\"https:\/\/www.arelhukuk.com\/wp-content\/uploads\/2024\/07\/av.berk_.ozguler-370x475.jpg\" class=\"img-responsive wp-post-image\" alt=\"\" \/>\t\t\t\t\t<span class=\"rtin-plus-icon\"><a href=\"https:\/\/www.arelhukuk.com\/en\/ekip\/atty-osman-berk-ozguler\/\"><i class=\"fa fa-plus\" aria-hidden=\"true\"><\/i><\/a><\/span>\r\n\t\t\t\t<\/div>\r\n\t\t\t\t<div class=\"rtin-item-content media-body\">\r\n\t\t\t\t\t<h3><a href=\"https:\/\/www.arelhukuk.com\/en\/ekip\/atty-osman-berk-ozguler\/\">Atty Osman Berk \u00d6zg\u00fcler<\/a><\/h3>\t\t\t\t\t\t\t\t\r\n\t\t\t\t\t\t\t\t\t\t\t<span class=\"position\">Litigation Department Attorney<\/span>\t\t\t\t\t\r\n\t\t\t\t\t                                \r\n\t\t\t\t\t<p>He graduated from Istanbul University Faculty of Law in 2020. In 2021, he completed his legal internship and obtained his license. After receiving his license, he began working as an independent lawyer, primarily focusing on Criminal, Labor, Family, and Obligations Law. Since June, he has been continuing his work at Arel Hukuk in the fields of Family, Obligations, Enforcement and Bankruptcy, Labor, Energy, and Commercial Law.<\/p>\r\n\t\t\t\t\t\t\t\t\t\t<ul class=\"social-icons\">\r\n\t\t\t\t\t\t\t\t\t\t\t\t\t\t\t\t\t\t\t\t\t\t\t\t\t\t\t\t\t\t\t\t\t\t\t\t\t\t\t\t\t\t\t\t\t\t\t\t\t\t\t\t\t\t\t\t\t\t\t\t\t\t\t\t\t\t\t\t\t\t\t\t\t\t\t\t\t\t\t\t\t\t\t\t\t\t\t\t\t\t\t\t\t\t\t\t\t\t\t\t\t\t\t\t\t\t\t\t\t\t\t\t\t\t\t\t\t\t\t\t<\/ul>\r\n\t\t\t\t\t\t\t\t\t<\/div>\r\n\t\t\t<\/div>\r\n\t\t<\/div>\t\t\r\n\t\t\t\t\t\t\t<div class=\"mt20 col-sm-12 col-xs-12 pagination-wrapper\"><\/div>\r\n\t\t\t\t\t\t\t<\/div>\r\n<\/div>[\/vc_column][\/vc_row]<\/p>\n","protected":false},"excerpt":{"rendered":"<p>[vc_row css=&#8221;.vc_custom_1617009772392{margin-bottom: 30px !important;}&#8221;][vc_column][vc_single_image image=&#8221;3526&#8243; img_size=&#8221;800&#215;534&#8243; alignment=&#8221;center&#8221; onclick=&#8221;link_image&#8221;][\/vc_column][\/vc_row][vc_row][vc_column][\/vc_column][\/vc_row]<\/p>\n","protected":false},"author":1,"featured_media":0,"parent":0,"menu_order":0,"comment_status":"closed","ping_status":"closed","template":"","meta":{"_monsterinsights_skip_tracking":false,"_monsterinsights_sitenote_active":false,"_monsterinsights_sitenote_note":"","_monsterinsights_sitenote_category":0,"footnotes":""},"class_list":["post-3967","page","type-page","status-publish","hentry"],"_links":{"self":[{"href":"https:\/\/www.arelhukuk.com\/en\/wp-json\/wp\/v2\/pages\/3967","targetHints":{"allow":["GET"]}}],"collection":[{"href":"https:\/\/www.arelhukuk.com\/en\/wp-json\/wp\/v2\/pages"}],"about":[{"href":"https:\/\/www.arelhukuk.com\/en\/wp-json\/wp\/v2\/types\/page"}],"author":[{"embeddable":true,"href":"https:\/\/www.arelhukuk.com\/en\/wp-json\/wp\/v2\/users\/1"}],"replies":[{"embeddable":true,"href":"https:\/\/www.arelhukuk.com\/en\/wp-json\/wp\/v2\/comments?post=3967"}],"version-history":[{"count":1,"href":"https:\/\/www.arelhukuk.com\/en\/wp-json\/wp\/v2\/pages\/3967\/revisions"}],"predecessor-version":[{"id":3968,"href":"https:\/\/www.arelhukuk.com\/en\/wp-json\/wp\/v2\/pages\/3967\/revisions\/3968"}],"wp:attachment":[{"href":"https:\/\/www.arelhukuk.com\/en\/wp-json\/wp\/v2\/media?parent=3967"}],"curies":[{"name":"wp","href":"https:\/\/api.w.org\/{rel}","templated":true}]}}